{"id":8586,"date":"2021-12-10T11:39:16","date_gmt":"2021-12-10T09:39:16","guid":{"rendered":"https:\/\/negresaura.cat\/autonomos\/"},"modified":"2025-12-22T16:29:28","modified_gmt":"2025-12-22T14:29:28","slug":"autonomos","status":"publish","type":"page","link":"https:\/\/negresaura.cat\/es\/autonomos\/","title":{"rendered":"Aut\u00f3nomos"},"content":{"rendered":"","protected":false},"excerpt":{"rendered":"","protected":false},"author":2,"featured_media":0,"parent":0,"menu_order":1,"comment_status":"closed","ping_status":"closed","template":"","meta":{"footnotes":""},"class_list":["post-8586","page","type-page","status-publish","hentry"],"meta_box":{"basic_1__titol":"Aut\u00f3nomos B\u00e1sico","basic-1":[{"basic-1__text":"IVA Trimestral (modelo 303)"},{"basic-1__text":"Resumen anual del IVA (modelo 390)"},{"basic-1__text":"Pagamentos fraccionados a cuenta de la renta (modelo 130)"},{"basic-1__text":"Declaraci\u00f3n anual Op. Terceros 3.005,06 (modelo 347) "},{"basic-1__text":"Declaraci\u00f3n de la renta (modelo 100)"},{"basic-1__text":"Asesoramiento contable y fiscal"}],"premium-1__titol":"Aut\u00f3nomos Premium","premium-1":[{"premium-1__text":"Retenci\u00f3n del local comercial (modelo 115)"},{"premium-1__text":"Resumen anual del local comercial (modelo 180)"},{"premium-1__text":"Retenciones de capital mobiliario (modelo 123)"},{"premium-1__text":"Resumen anual de capitalidad mobiliaria (modelo 193)"},{"premium-1__text":"Certificados de retenciones para la renta"},{"premium-1__text":"Certificado de estar al corriente de obligaciones fiscales y laborales"}],"basic_2__titol":"Aut\u00f3nomos B\u00e1sico con Trabajadores","basic-2":[{"basic-2__text":"IVA Trimestral (modelo 303)"},{"basic-2__text":"IVA anual (modelo 390)"},{"basic-2__text":"Pagamentos fraccionados a cuenta de la renta (modelo 130)"},{"basic-2__text":"Declaraci\u00f3n anual Op. Terceros 3.005,06 (modelo 347) "},{"basic-2__text":"Declaraci\u00f3n de la renta (modelo 100)"},{"basic-2__text":"Asesoramiento contable y fiscal"},{"basic-2__text":"Altas, bajas y modificaciones de trabajadores"},{"basic-2__text":"Contratos de trabajo y pr\u00f2rogas"},{"basic-2__text":"Expedientes de incapacidad temporal"},{"basic-2__text":"Retenci\u00f3n trimestral de los trabajadores (modelo 111)"},{"basic-2__text":"Resumen anual de retenciones de los trabajadores (modelo 190)"},{"basic-2__text":"Certificados de retenciones de la renda"},{"basic-2__text":"Modelos TC1 y TC2"}],"premium-2__titol":"Aut\u00f3nomos Premium con Trabajadores","premium-2":[{"premium-2__text":"Retenci\u00f3n del local comercial (modelo 115)"},{"premium-2__text":"Resumen anual del local comercial (modelo 180)"},{"premium-2__text":"Retenciones de capital mobiliario (modelo 123)"},{"premium-2__text":"Resumen anual de capitalidad mobiliaria (modelo 193)"},{"premium-2__text":"Declaraci\u00f3 d\u2019Operacions intracomunit\u00e0ries (model 349)"},{"premium-2__text":"Certificados de retenciones para la renta"},{"premium-2__text":"Certificado de estar al corriente de obligaciones fiscales y laborales"},{"premium-2__text":"Comunicados de accidentes a la M\u00fatua"}],"header__style":"light-theme"},"_links":{"self":[{"href":"https:\/\/negresaura.cat\/es\/wp-json\/wp\/v2\/pages\/8586","targetHints":{"allow":["GET"]}}],"collection":[{"href":"https:\/\/negresaura.cat\/es\/wp-json\/wp\/v2\/pages"}],"about":[{"href":"https:\/\/negresaura.cat\/es\/wp-json\/wp\/v2\/types\/page"}],"author":[{"embeddable":true,"href":"https:\/\/negresaura.cat\/es\/wp-json\/wp\/v2\/users\/2"}],"replies":[{"embeddable":true,"href":"https:\/\/negresaura.cat\/es\/wp-json\/wp\/v2\/comments?post=8586"}],"version-history":[{"count":3,"href":"https:\/\/negresaura.cat\/es\/wp-json\/wp\/v2\/pages\/8586\/revisions"}],"predecessor-version":[{"id":8652,"href":"https:\/\/negresaura.cat\/es\/wp-json\/wp\/v2\/pages\/8586\/revisions\/8652"}],"wp:attachment":[{"href":"https:\/\/negresaura.cat\/es\/wp-json\/wp\/v2\/media?parent=8586"}],"curies":[{"name":"wp","href":"https:\/\/api.w.org\/{rel}","templated":true}]}}