{"id":8588,"date":"2021-12-14T12:23:31","date_gmt":"2021-12-14T10:23:31","guid":{"rendered":"https:\/\/negresaura.cat\/empresas\/"},"modified":"2024-03-06T15:26:55","modified_gmt":"2024-03-06T13:26:55","slug":"empresas","status":"publish","type":"page","link":"https:\/\/negresaura.cat\/es\/empresas\/","title":{"rendered":"Empresas"},"content":{"rendered":"","protected":false},"excerpt":{"rendered":"","protected":false},"author":2,"featured_media":0,"parent":0,"menu_order":2,"comment_status":"closed","ping_status":"closed","template":"","meta":{"footnotes":""},"class_list":["post-8588","page","type-page","status-publish","hentry"],"meta_box":{"basic_1__titol":"Sociedades Limitadas B\u00e1sico","basic-1":[{"basic-1__text":"IVA Trimestral (modelo 303) y Anual (modelo 390)"},{"basic-1__text":"Declaraci\u00f3n de la renta (m\u00e0ximo 2 socios)"},{"basic-1__text":"Declaraci\u00f3n Anual Op. Terceros 3.005,56 \u20ac (modelo 347) "},{"basic-1__text":"Impuesto sobre sociedades (modelo 200)"},{"basic-1__text":"Retenciones de alquileres de local comercial (modelos 115 y 180)"},{"basic-1__text":"Confecci\u00f3n de los libros oficiales"},{"basic-1__text":"Dep\u00f3sito de cuentas anuales al Registro Mercantil"},{"basic-1__text":"Asesoramiento contable y fiscal"},{"basic-1__text":"Retenciones trimestrales de los trabajadores (modelos 111 y 190)"},{"basic-1__text":"Contratos de trabajo y pr\u00f2rogas"},{"basic-1__text":"Altas, bajas y modificaciones de trabajadores"},{"basic-1__text":"Expedientes de incapacidad temporal"},{"basic-1__text":"Certificados de retenciones de la renda"},{"basic-1__text":"Modelos TC1 y TC2"}],"premium-1__titol":"Sociedades Limitadas Premium","premium-1":[{"premium-1__text":"Declaraci\u00f3n de operaciones intracomunitarias (modelo 349)"},{"premium-1__text":"Retenciones de Capital Mobiliario (modelo 123)"},{"premium-1__text":"Resumen anual de Capital Mobiliario (modelo 193)"},{"premium-1__text":"Comunicados de accidentes a la M\u00fatua"},{"premium-1__text":"Certificados de estar al corriente de obligaciones fiscales y laborales"}],"basic_2__titol":"Sociedades Civiles B\u00e1sico","basic-2":[{"basic-2__text":"IVA Trimestral (modelo 303) y Anual (modelo 390)"},{"basic-2__text":"Retenciones de alquileres de local comercial (modelos 115 y 180)"},{"basic-2__text":"Declaraci\u00f3n Anual Op. Terceros 3.005,06 \u20ac (modelo 347) "},{"basic-2__text":"Confecci\u00f3n de los libros oficiales"},{"basic-2__text":"Asesoramiento contable y fiscal"},{"basic-2__text":"Declaraci\u00f3n de la renta (m\u00e0ximo 2 socios)"},{"basic-2__text":"Declaraci\u00f3n anual de atribuci\u00f3n de rentas (modelo 184)"},{"basic-2__text":"Altas, bajas y modificaciones de trabajadores"},{"basic-2__text":"Contratos de trabajo y pr\u00f2rogas"},{"basic-2__text":"Expedientes de incapacidad temporal"},{"basic-2__text":"Retenciones trimestrales de los trabajadores (modelos 111 y 190)"},{"basic-2__text":"Certificados de retenciones de la renda"},{"basic-2__text":"Modelos TC1 y TC2"}],"premium-2__titol":"Sociedades Civiles Premium","premium-2":[{"premium-2__text":"Resumen anual de Capital Mobiliario (modelo 193)"},{"premium-2__text":"Declaraci\u00f3n de operaciones intracomunitarias (modelo 349)"},{"premium-2__text":"Certificados de estar al corriente de obligaciones fiscales y laborales"},{"premium-2__text":"Comunicados de accidentes a la M\u00fatua"}],"header__style":"light-theme"},"_links":{"self":[{"href":"https:\/\/negresaura.cat\/es\/wp-json\/wp\/v2\/pages\/8588","targetHints":{"allow":["GET"]}}],"collection":[{"href":"https:\/\/negresaura.cat\/es\/wp-json\/wp\/v2\/pages"}],"about":[{"href":"https:\/\/negresaura.cat\/es\/wp-json\/wp\/v2\/types\/page"}],"author":[{"embeddable":true,"href":"https:\/\/negresaura.cat\/es\/wp-json\/wp\/v2\/users\/2"}],"replies":[{"embeddable":true,"href":"https:\/\/negresaura.cat\/es\/wp-json\/wp\/v2\/comments?post=8588"}],"version-history":[{"count":3,"href":"https:\/\/negresaura.cat\/es\/wp-json\/wp\/v2\/pages\/8588\/revisions"}],"predecessor-version":[{"id":8653,"href":"https:\/\/negresaura.cat\/es\/wp-json\/wp\/v2\/pages\/8588\/revisions\/8653"}],"wp:attachment":[{"href":"https:\/\/negresaura.cat\/es\/wp-json\/wp\/v2\/media?parent=8588"}],"curies":[{"name":"wp","href":"https:\/\/api.w.org\/{rel}","templated":true}]}}