{"id":8591,"date":"2021-12-03T14:20:51","date_gmt":"2021-12-03T12:20:51","guid":{"rendered":"https:\/\/negresaura.cat\/aviso-legal\/"},"modified":"2023-11-14T10:26:55","modified_gmt":"2023-11-14T08:26:55","slug":"aviso-legal","status":"publish","type":"page","link":"https:\/\/negresaura.cat\/es\/aviso-legal\/","title":{"rendered":"Aviso legal"},"content":{"rendered":"\n<h2 class=\"wp-block-heading\">Datos generales<\/h2>\n\n<p>La web que est\u00e1 consultando es propiedad de <strong>NEGRE &amp; SAURA ASSESSORS SL,<\/strong> domiciliada en la plaza Francesc Maci\u00e0, 8 (Bajos) de La Bisbal d\u00b4Empord\u00e0, Girona. Correo electr\u00f3nico: info@negresaura.cat. <\/p>\n\n<p>El acceso a y\/o uso de la web https:\/\/negresaura.cat es totalmente voluntario y atribuye a quien lo realiza la condici\u00f3n de usuario. Todo usuario acepta, desde el mismo momento en que accede, sin ning\u00fan tipo de reserva, el contenido de las presentes \u201cCondiciones Generales\u201d as\u00ed como, en su caso, las \u201cCondiciones Particulares\u201d que puedan complementarlas, sustituirlas o modificarlas en alg\u00fan sentido en relaci\u00f3n a los servicios y contenidos de la web. En consecuencia, el usuario deber\u00e1 leer detenidamente unas y otras antes del acceso y utilizaci\u00f3n de cualquier servicio de la web https:\/\/negresaura.cat bajo su responsabilidad, por lo que si no est\u00e1 de acuerdo con el contenido del mismo, deber\u00e1 abstenerse de hacer uso de la web.  <\/p>\n\n<h2 class=\"wp-block-heading\">Condiciones generales<\/h2>\n\n<p>Los usuarios podr\u00e1n realizar la reproducci\u00f3n de los contenidos de la web https:\/\/negresaura.cat con la \u00fanica finalidad de proceder a su almacenamiento, a la realizaci\u00f3n de copias de seguridad o imprimir sobre papel para uso privado.<br\/>Al margen de lo anterior, queda prohibida toda reproducci\u00f3n, distribuci\u00f3n, transformaci\u00f3n, presentaci\u00f3n, total o parcial, del contenido de la web https:\/\/negresaura.cat o de alguno de sus elementos, de forma directa o indirecta por redes telem\u00e1ticas o soportes an\u00e1logos, con un fin comercial dirigido al p\u00fablico o para una utilizaci\u00f3n m\u00e1s all\u00e1 de las mencionadas, a\u00fan citando la fuente, siempre que no se cuente con la autorizaci\u00f3n expresa y por escrito de negresaura.cat y, en su caso de terceros colaboradores. El incumplimiento del punto anterior facultar\u00e1 a Negre&amp;Saura Assessors para interponer las acciones legales pertinentes. <\/p>\n\n<h3 class=\"wp-block-heading\">Quedan especialmente prohibidas:<\/h3>\n\n<ul class=\"wp-block-list\">\n<li>La presentaci\u00f3n de una p\u00e1gina de la web https:\/\/negresaura.cat en marco de otra p\u00e1gina web que no pertenezca a https:\/\/negresaura.cat, mediante la t\u00e9cnica denominada \u201cframing\u201d a menos que cuente con el expreso consentimiento por escrito de Negre&amp;Saura Asesores.<\/li>\n\n\n\n<li>La inserci\u00f3n de una imagen difundida en la web https:\/\/negresaura.cat en una p\u00e1gina o base de datos, no perteneciente a negresaura.cat mediante la t\u00e9cnica denominada \u201cin line linking\u201d si esto no cuenta con la expresa autorizaci\u00f3n de Negre&amp;Saura Asesores.<\/li>\n<\/ul>\n\n<p>Se comunica que los datos enviados a trav\u00e9s de los formularios de consulta o solicitud de informaci\u00f3n se utilizar\u00e1n \u00fanica y exclusivamente para que Negre&amp;Saura assessors se ponga en contacto con el usuario para facilitarle los datos que el propio usuario haya solicitado . Estos datos ser\u00e1n tratados confidencialmente y en el momento de establecer el contacto con el usuario ser\u00e1n eliminados de cualquier tipo de soporte por Negre&amp;Saura Assessors. <\/p>\n\n<h2 class=\"wp-block-heading\">Condiciones particulares<\/h2>\n\n<h3 class=\"wp-block-heading\">Exclusi\u00f3n de responsabilidad<\/h3>\n\n<p>Negre&amp;Saura Assessors no garantiza la disponibilidad y continuidad del sitio web ni se hace responsable de cualquier da\u00f1o y perjuicio producido o que puedan producirse en el futuro, ni de los defectos t\u00e9cnicos, cualquiera que sea su naturaleza, que se deriven del uso de la informaci\u00f3n y de las materias contenidas en la web https:\/\/negresaura.cat.<\/p>\n\n<h3 class=\"wp-block-heading\">Contenido de la web y enlaces<\/h3>\n\n<p>Negre&amp;Saura Assessors propiedad no se responsabiliza del mal uso que se realice de los contenidos de nuestra p\u00e1gina web, siendo exclusiva responsabilidad de la persona que accede a ellos o los utiliza.<br\/>Tampoco asumimos ninguna responsabilidad por la informaci\u00f3n contenida en las p\u00e1ginas web de terceros a las que se pueda acceder por enlaces o buscadores desde la p\u00e1gina web https:\/\/negresaura.cat<\/p>\n\n<h3 class=\"wp-block-heading\">Actualizaci\u00f3n y modificaci\u00f3n de la p\u00e1gina web<\/h3>\n\n<p>Negre&amp;Saura Assessors se reserva el derecho a actualizar, modificar o eliminar la informaci\u00f3n contenida en su p\u00e1gina web, y la configuraci\u00f3n o presentaci\u00f3n del mismo, en cualquier momento, sin previo aviso, y sin asumir ninguna responsabilidad por ello.<\/p>\n\n<h3 class=\"wp-block-heading\">Protecci\u00f3n de datos de car\u00e1cter personal<\/h3>\n\n<p>En el marco del cumplimiento de la legislaci\u00f3n vigente, recogida en la Ley Org\u00e1nica 15\/1999, de 13 de diciembre, sobre protecci\u00f3n de datos de car\u00e1cter personal (LOPD), el objeto es garantizar y proteger, en lo que se refiere al tratamiento de los datos personales, las libertades y derechos fundamentales de las personas f\u00edsicas, y especialmente de su honor e intimidad personal, Negre&amp;Saura asesores informa a los usuarios que:<br\/>Negre&amp;Saura Assessors ha adoptado las medidas t\u00e9cnicas y organizativas conforme a lo dispuesto en la normativa vigente.<\/p>\n\n<p>Los Datos de Car\u00e1cter Personal que se recogen en los formularios de contacto del sitio web de Negresaura, son objeto de tratamiento automatizado y tienen como finalidad el mantenimiento de la relaci\u00f3n contractual que en su caso se establezca con Negre&amp;Saura Assessors, as\u00ed como el desempe\u00f1o de las tareas de informaci\u00f3n, formaci\u00f3n, comercializaci\u00f3n (tarea esta \u00faltima siempre identificada como tal) y otras actividades propias de la empresa.<\/p>\n\n<p>Negre&amp;Saura Assessors ha adoptado los niveles de seguridad adecuados a los datos que se facilitan y, adem\u00e1s, se han instalado todos los medios y medidas t\u00e9cnicas a su alcance para evitar la p\u00e9rdida, mal uso, alteraci\u00f3n, acceso no autorizado y robo de los datos que nos facilitan.<\/p>\n\n<h2 class=\"wp-block-heading\">Varios<\/h2>\n\n<ol class=\"wp-block-list\">\n<li>Negre&amp;Saura Assessors utiliza cookies que se quedar\u00e1n almacenadas en el ordenador. Las cookies son peque\u00f1os archivos que nuestro servidor env\u00eda a su ordenador, pero que no nos proporcionan informaci\u00f3n ni sobre su nombre, ni sobre cualquier dato de car\u00e1cter personal suyo. Las cookies que utilizamos no pueden leer datos de su ordenador ni leer las cookies que existan en su ordenador. Cuando el usuario se encuentre navegando por las p\u00e1ginas web de Uphill el servidor en el que se encuentra alojada reconoce autom\u00e1ticamente la direcci\u00f3n IP de su ordenador, el d\u00eda y la hora en que comienza la visita, en la que abandona la visita, as\u00ed como informaci\u00f3n sobre las distintas secciones consultadas. Es necesario que el servidor conozca estos datos para poder comunicarse y enviarle la petici\u00f3n realizada y que a trav\u00e9s del navegador se pueda ver en la pantalla. Si usted lo desea puede configurar su navegador de modo que le avise en la pantalla si va a recibir una cookie. El usuario puede configurar su ordenador de forma que no reciba estas cookies, lo que no impedir\u00e1 que se pueda acceder a la informaci\u00f3n del sitio web Negresaura.      <\/li>\n\n\n\n<li>Negre&amp;Saura Assessors podr\u00e1 modificar, sin previo aviso, la informaci\u00f3n contenida en su sitio web, as\u00ed como su configuraci\u00f3n y presentaci\u00f3n.<\/li>\n\n\n\n<li>El sitio web https:\/\/negresaura.cat no aloja ni exhibe ning\u00fan tipo de publicidad.<\/li>\n\n\n\n<li>Negre&amp;Saura Assessors se compromete a trav\u00e9s de este medio a NO REALIZAR PUBLICIDAD ENGA\u00d1OSA. A estos efectos, por tanto, no ser\u00e1n considerados como publicidad enga\u00f1osa los errores formales o num\u00e9ricos que puedan encontrar a lo largo del contenido de las diferentes secciones de la web de Negresaura, producidos como consecuencia de un mantenimiento y\/o actualizaci\u00f3n incompleta o defectuosa de la informaci\u00f3n contenida es estas secciones. Negre&amp;Saura Assessors, como consecuencia de lo dispuesto en este apartado, se compromete a corregir tan pronto como tenga conocimiento de estos errores.  <\/li>\n\n\n\n<li>Negre&amp;Saura Assessors se compromete a NO REMITIR COMUNICACIONES COMERCIALES SIN identificados como tales, conforme a lo dispuesto en la Ley 34\/2002 de Servicios de la Sociedad de la Informaci\u00f3n y de comercio electr\u00f3nico. A estos efectos no ser\u00e1 considerado como comunicaci\u00f3n comercial toda la informaci\u00f3n que se env\u00ede a los clientes de Negre&amp;Saura Assessors, siempre que tenga por finalidad el mantenimiento de la relaci\u00f3n contractual existente entre cliente y Negre&amp;Saura Assessors, as\u00ed como el desempe\u00f1o de las tareas de informaci\u00f3n, formaci\u00f3n y otras actividades propias del servicio que el paciente tiene contratado con la empresa. <\/li>\n\n\n\n<li>Negre&amp;Saura Assessors no se hace responsable del incumplimiento de cualquier norma aplicable en la que pueda incurrir el usuario en su acceso al sitio web www.negresaura.cat y\/o en el uso de las informaciones contenidas en el mismo.<\/li>\n\n\n\n<li>Negre&amp;Saura Assessors no se hace responsable del uso ileg\u00edtimo que terceras personas puedan hacer de los nombres de marca, nombres de producto, marcas comerciales que, no siendo propiedad de esta entidad, aparezcan en el web site www.negresaura.cat. Tampoco se responsabiliza de la integridad, veracidad y licitud del contenido de los enlaces a las webs a las que pueda accederse desde www.negresaura.cat. <\/li>\n\n\n\n<li>Negre&amp;Saura Assessors no se responsabiliza de los virus que tengan su origen en una transmisi\u00f3n telem\u00e1tica infiltrados por terceras partes (por ejemplo, los macros de procesadores de texto, los applets de Java y los programas ActiveX), generados con el fin de obtener resultados negativos para un sistema inform\u00e1tico.<\/li>\n<\/ol>\n\n<h3 class=\"wp-block-heading\">Uso de la herramienta Google Analytics<\/h3>\n\n<p>Este sitio web utiliza Google Analytics para analizar las visitas al sitio web y as\u00ed mejorar sus contenidos. Para m\u00e1s informaci\u00f3n sobre la pol\u00edtica de privacidad de Google Analytics, visite el siguiente enlace: http:\/\/www.google.com\/intl\/es\/analytics\/privacyoverview.html <\/p>\n\n<h3 class=\"wp-block-heading\">Informaci\u00f3n t\u00e9cnica<\/h3>\n\n<p>Para una correcta visualizaci\u00f3n de la web https:\/\/negresaura.cat, es necesario disponer de una resoluci\u00f3n m\u00ednima de 800\u00d7600 p\u00edxeles, siendo recomendable una resoluci\u00f3n de 1024\u00d7768 p\u00edxeles. Asimismo, el navegador debe soportar y tener habilitado el soporte por lenguaje JavaScript. <\/p>\n\n<h3 class=\"wp-block-heading\">Direcci\u00f3n de contacto<\/h3>\n\n<p>Para cualquier aclaraci\u00f3n sobre las presentes condiciones generales o cualesquiera otros aspectos, tiene a su disposici\u00f3n las siguientes direcciones:<\/p>\n\n<p>Negre&amp;Saura Assessors<br\/>Pla\u00e7a Francesc Maci\u00e0, 8 (Baixos)<br\/>La Bisbal d\u2019Empord\u00e0, Girona<\/p>\n\n<p>Tel. +34 972 640 477<br\/>Email: info@negresaura.cat<br\/>Responsables: Mois\u00e8s Negre Garc\u00eda \/ Antoni Saura Coll<\/p>\n","protected":false},"excerpt":{"rendered":"<p>Datos generales La web que est\u00e1 consultando es propiedad de NEGRE &amp; SAURA ASSESSORS SL, domiciliada en la plaza Francesc Maci\u00e0, 8 (Bajos) de La Bisbal d\u00b4Empord\u00e0, Girona. Correo electr\u00f3nico: info@negresaura.cat. El acceso a y\/o uso de la web https:\/\/negresaura.cat es totalmente voluntario y atribuye a quien lo realiza la condici\u00f3n de usuario. Todo usuario [&hellip;]<\/p>\n","protected":false},"author":2,"featured_media":0,"parent":0,"menu_order":10,"comment_status":"closed","ping_status":"closed","template":"","meta":{"footnotes":""},"class_list":["post-8591","page","type-page","status-publish","hentry"],"meta_box":{"basic_1__titol":"","basic-1":[],"premium-1__titol":"","premium-1":[],"basic_2__titol":"","basic-2":[],"premium-2__titol":"","premium-2":[],"header__style":"light-theme"},"_links":{"self":[{"href":"https:\/\/negresaura.cat\/es\/wp-json\/wp\/v2\/pages\/8591","targetHints":{"allow":["GET"]}}],"collection":[{"href":"https:\/\/negresaura.cat\/es\/wp-json\/wp\/v2\/pages"}],"about":[{"href":"https:\/\/negresaura.cat\/es\/wp-json\/wp\/v2\/types\/page"}],"author":[{"embeddable":true,"href":"https:\/\/negresaura.cat\/es\/wp-json\/wp\/v2\/users\/2"}],"replies":[{"embeddable":true,"href":"https:\/\/negresaura.cat\/es\/wp-json\/wp\/v2\/comments?post=8591"}],"version-history":[{"count":1,"href":"https:\/\/negresaura.cat\/es\/wp-json\/wp\/v2\/pages\/8591\/revisions"}],"predecessor-version":[{"id":8592,"href":"https:\/\/negresaura.cat\/es\/wp-json\/wp\/v2\/pages\/8591\/revisions\/8592"}],"wp:attachment":[{"href":"https:\/\/negresaura.cat\/es\/wp-json\/wp\/v2\/media?parent=8591"}],"curies":[{"name":"wp","href":"https:\/\/api.w.org\/{rel}","templated":true}]}}